{"id":2109,"date":"2023-03-22T14:22:52","date_gmt":"2023-03-22T12:22:52","guid":{"rendered":"https:\/\/www.hdledshine.com\/what-is-pixel-pitch\/"},"modified":"2023-04-20T16:08:34","modified_gmt":"2023-04-20T14:08:34","slug":"quest-ce-que-pixel-pitch","status":"publish","type":"page","link":"https:\/\/www.hdledshine.com\/fr\/quest-ce-que-pixel-pitch\/","title":{"rendered":"Qu&rsquo;est-ce que pixel pitch ? Pixel pitch expliqu\u00e9 !"},"content":{"rendered":"<h1>Qu&rsquo;est-ce que pixel pitch?<\/h1>\n<p>Pixel pitch est toujours exprim\u00e9 par la lettre P, suivie d&rsquo;un nombre : par exemple, P4.8 ou P8. Mais qu&rsquo;est-ce que pixel pitch exactement ? Litt\u00e9ralement, il s&rsquo;agit de la distance entre le centre d&rsquo;un pixel et le centre du pixel suivant, ce qui repr\u00e9sente la qualit\u00e9 de l&rsquo;image. Dans le cas d&rsquo;un \u00e9cran LED, chaque LED correspond \u00e0 un pixel et cette valeur repr\u00e9sente donc litt\u00e9ralement la distance entre les centres des deux LED cons\u00e9cutifs.<\/p>\n<p>Il s&rsquo;agit bien s\u00fbr d&rsquo;une explication tr\u00e8s technique, mais nous pouvons l&rsquo;illustrer \u00e0 l&rsquo;aide de deux exemples.<\/p>\n<p><strong>Exemple P3.9 : il y a exactement 3,9 mm entre les centres de deux pixels cons\u00e9cutifs.<\/strong><\/p>\n<img loading=\"lazy\" decoding=\"async\" class=\"alignnone wp-image-1561 size-medium\" src=\"https:\/\/www.hdledshine.com\/wp-content\/uploads\/2023\/03\/pixelpitch1-412x175.png\" alt=\"An example of what pixel pitch means.\" width=\"412\" height=\"175\" srcset=\"https:\/\/www.hdledshine.com\/wp-content\/uploads\/2023\/03\/pixelpitch1-412x175.png 412w, https:\/\/www.hdledshine.com\/wp-content\/uploads\/2023\/03\/pixelpitch1.png 441w\" sizes=\"auto, (max-width: 412px) 100vw, 412px\" \/>\n<p><strong>Exemple P8.3 : il y a exactement 8,3 mm entre les centres de deux pixels cons\u00e9cutifs.<\/strong><\/p>\n<img loading=\"lazy\" decoding=\"async\" class=\"alignnone wp-image-1562 size-full\" src=\"https:\/\/www.hdledshine.com\/wp-content\/uploads\/2023\/03\/pixelpitch2.png\" alt=\"An example of what pixel pitch means.\" width=\"410\" height=\"117\" \/>\n<p>Plus il y a de lumi\u00e8res par m\u00e8tre carr\u00e9, plus la r\u00e9solution est \u00e9lev\u00e9e et plus l&rsquo;affichage est d\u00e9taill\u00e9. Il est donc logique que plus il y a de LED ou de pixels par m\u00e8tre carr\u00e9, moins il y a de millim\u00e8tres entre eux, ce qui se traduit par une valeur de pixel plus petit.<\/p>\n<p><strong><u>En r\u00e9sum\u00e9<\/u><\/strong><\/p>\n<p>Plus le pixel pitch est \u00e9lev\u00e9, plus il y a d&rsquo;espace entre les (centres de 2) pixels cons\u00e9cutifs et donc moins il y a de LED ou de pixels par m\u00b2.<\/p>\n<p>Inversement, bien s\u00fbr, la m\u00eame chose est vraie : plus le pixel pitch est petit en valeur, moins il y a d&rsquo;espace entre les pixels et donc plus il y aura de LEDs par m\u00b2.<\/p>\n<table style=\"height: 130px;\" width=\"768\">\n<tbody>\n<tr>\n<td width=\"302\"><strong>P3.9<\/strong><\/td>\n<td width=\"302\"><strong>P8.3<\/strong><\/td>\n<\/tr>\n<tr>\n<td width=\"302\">65.536 pixels \/ m\u00b2<\/td>\n<td width=\"302\">14.400 pixels \/ m\u00b2<\/td>\n<\/tr>\n<\/tbody>\n<\/table>\n<p>Cependant, pixel pitch ne peut \u00eatre jug\u00e9e isol\u00e9ment, il faut toujours tenir compte du format et de la distance d&rsquo;observation !<\/p>\n","protected":false},"excerpt":{"rendered":"<p>Qu&rsquo;est-ce que pixel pitch? Pixel pitch est toujours exprim\u00e9 par la lettre P, suivie d&rsquo;un nombre : par exemple, P4.8&#8230;<\/p>\n","protected":false},"author":2,"featured_media":0,"parent":0,"menu_order":8,"comment_status":"closed","ping_status":"closed","template":"","meta":{"_acf_changed":false,"inline_featured_image":false,"footnotes":""},"class_list":["post-2109","page","type-page","status-publish","hentry"],"acf":[],"yoast_head":"<!-- This site is optimized with the Yoast SEO plugin v27.0 - https:\/\/yoast.com\/product\/yoast-seo-wordpress\/ -->\n<title>Qu&#039;est-ce que pixel pitch ? - HD Ledshine<\/title>\n<meta name=\"description\" content=\"Vous ne savez pas qu&#039;est-ce que pixel pitch ? Gr\u00e2ce \u00e0 notre explication du pixel pitch, vous n&#039;aurez jamais rien compris aussi vite !\" \/>\n<meta name=\"robots\" content=\"index, follow, max-snippet:-1, max-image-preview:large, max-video-preview:-1\" \/>\n<link rel=\"canonical\" href=\"https:\/\/www.hdledshine.com\/fr\/quest-ce-que-pixel-pitch\/\" \/>\n<meta property=\"og:locale\" content=\"fr_FR\" \/>\n<meta property=\"og:type\" content=\"article\" \/>\n<meta property=\"og:title\" content=\"Qu&#039;est-ce que pixel pitch ? - HD Ledshine\" \/>\n<meta property=\"og:description\" content=\"Vous ne savez pas qu&#039;est-ce que pixel pitch ? Gr\u00e2ce \u00e0 notre explication du pixel pitch, vous n&#039;aurez jamais rien compris aussi vite !\" \/>\n<meta property=\"og:url\" content=\"https:\/\/www.hdledshine.com\/fr\/quest-ce-que-pixel-pitch\/\" \/>\n<meta property=\"og:site_name\" content=\"HD Ledshine\" \/>\n<meta property=\"article:publisher\" content=\"https:\/\/www.facebook.com\/hdledshine\" \/>\n<meta property=\"article:modified_time\" content=\"2023-04-20T14:08:34+00:00\" \/>\n<meta property=\"og:image\" content=\"https:\/\/www.hdledshine.com\/wp-content\/uploads\/2023\/03\/pixelpitch1-412x175.png\" \/>\n<meta name=\"twitter:card\" content=\"summary_large_image\" \/>\n<meta name=\"twitter:label1\" content=\"Dur\u00e9e de lecture estim\u00e9e\" \/>\n\t<meta name=\"twitter:data1\" content=\"2 minutes\" \/>\n<script type=\"application\/ld+json\" class=\"yoast-schema-graph\">{\"@context\":\"https:\/\/schema.org\",\"@graph\":[{\"@type\":\"WebPage\",\"@id\":\"https:\/\/www.hdledshine.com\/fr\/quest-ce-que-pixel-pitch\/\",\"url\":\"https:\/\/www.hdledshine.com\/fr\/quest-ce-que-pixel-pitch\/\",\"name\":\"Qu'est-ce que pixel pitch ? - HD Ledshine\",\"isPartOf\":{\"@id\":\"https:\/\/www.hdledshine.com\/fr\/#website\"},\"primaryImageOfPage\":{\"@id\":\"https:\/\/www.hdledshine.com\/fr\/quest-ce-que-pixel-pitch\/#primaryimage\"},\"image\":{\"@id\":\"https:\/\/www.hdledshine.com\/fr\/quest-ce-que-pixel-pitch\/#primaryimage\"},\"thumbnailUrl\":\"https:\/\/www.hdledshine.com\/wp-content\/uploads\/2023\/03\/pixelpitch1-412x175.png\",\"datePublished\":\"2023-03-22T12:22:52+00:00\",\"dateModified\":\"2023-04-20T14:08:34+00:00\",\"description\":\"Vous ne savez pas qu'est-ce que pixel pitch ? Gr\u00e2ce \u00e0 notre explication du pixel pitch, vous n'aurez jamais rien compris aussi vite !\",\"breadcrumb\":{\"@id\":\"https:\/\/www.hdledshine.com\/fr\/quest-ce-que-pixel-pitch\/#breadcrumb\"},\"inLanguage\":\"fr-FR\",\"potentialAction\":[{\"@type\":\"ReadAction\",\"target\":[\"https:\/\/www.hdledshine.com\/fr\/quest-ce-que-pixel-pitch\/\"]}]},{\"@type\":\"ImageObject\",\"inLanguage\":\"fr-FR\",\"@id\":\"https:\/\/www.hdledshine.com\/fr\/quest-ce-que-pixel-pitch\/#primaryimage\",\"url\":\"https:\/\/www.hdledshine.com\/wp-content\/uploads\/2023\/03\/pixelpitch1-412x175.png\",\"contentUrl\":\"https:\/\/www.hdledshine.com\/wp-content\/uploads\/2023\/03\/pixelpitch1-412x175.png\"},{\"@type\":\"BreadcrumbList\",\"@id\":\"https:\/\/www.hdledshine.com\/fr\/quest-ce-que-pixel-pitch\/#breadcrumb\",\"itemListElement\":[{\"@type\":\"ListItem\",\"position\":1,\"name\":\"Home\",\"item\":\"https:\/\/www.hdledshine.com\/fr\/\"},{\"@type\":\"ListItem\",\"position\":2,\"name\":\"Qu&#8217;est-ce que pixel pitch ? Pixel pitch expliqu\u00e9 !\"}]},{\"@type\":\"WebSite\",\"@id\":\"https:\/\/www.hdledshine.com\/fr\/#website\",\"url\":\"https:\/\/www.hdledshine.com\/fr\/\",\"name\":\"HD Ledshine\",\"description\":\"\",\"publisher\":{\"@id\":\"https:\/\/www.hdledshine.com\/fr\/#organization\"},\"potentialAction\":[{\"@type\":\"SearchAction\",\"target\":{\"@type\":\"EntryPoint\",\"urlTemplate\":\"https:\/\/www.hdledshine.com\/fr\/?s={search_term_string}\"},\"query-input\":{\"@type\":\"PropertyValueSpecification\",\"valueRequired\":true,\"valueName\":\"search_term_string\"}}],\"inLanguage\":\"fr-FR\"},{\"@type\":\"Organization\",\"@id\":\"https:\/\/www.hdledshine.com\/fr\/#organization\",\"name\":\"HD Ledshine\",\"url\":\"https:\/\/www.hdledshine.com\/fr\/\",\"logo\":{\"@type\":\"ImageObject\",\"inLanguage\":\"fr-FR\",\"@id\":\"https:\/\/www.hdledshine.com\/fr\/#\/schema\/logo\/image\/\",\"url\":\"https:\/\/www.hdledshine.com\/wp-content\/uploads\/2022\/02\/logo.png\",\"contentUrl\":\"https:\/\/www.hdledshine.com\/wp-content\/uploads\/2022\/02\/logo.png\",\"width\":327,\"height\":56,\"caption\":\"HD Ledshine\"},\"image\":{\"@id\":\"https:\/\/www.hdledshine.com\/fr\/#\/schema\/logo\/image\/\"},\"sameAs\":[\"https:\/\/www.facebook.com\/hdledshine\",\"https:\/\/www.instagram.com\/hd.ledshine\/\",\"https:\/\/www.linkedin.com\/company\/hdledshine\/\"]}]}<\/script>\n<!-- \/ Yoast SEO plugin. -->","yoast_head_json":{"title":"Qu'est-ce que pixel pitch ? - HD Ledshine","description":"Vous ne savez pas qu'est-ce que pixel pitch ? Gr\u00e2ce \u00e0 notre explication du pixel pitch, vous n'aurez jamais rien compris aussi vite !","robots":{"index":"index","follow":"follow","max-snippet":"max-snippet:-1","max-image-preview":"max-image-preview:large","max-video-preview":"max-video-preview:-1"},"canonical":"https:\/\/www.hdledshine.com\/fr\/quest-ce-que-pixel-pitch\/","og_locale":"fr_FR","og_type":"article","og_title":"Qu'est-ce que pixel pitch ? - HD Ledshine","og_description":"Vous ne savez pas qu'est-ce que pixel pitch ? Gr\u00e2ce \u00e0 notre explication du pixel pitch, vous n'aurez jamais rien compris aussi vite !","og_url":"https:\/\/www.hdledshine.com\/fr\/quest-ce-que-pixel-pitch\/","og_site_name":"HD Ledshine","article_publisher":"https:\/\/www.facebook.com\/hdledshine","article_modified_time":"2023-04-20T14:08:34+00:00","og_image":[{"url":"https:\/\/www.hdledshine.com\/wp-content\/uploads\/2023\/03\/pixelpitch1-412x175.png","type":"","width":"","height":""}],"twitter_card":"summary_large_image","twitter_misc":{"Dur\u00e9e de lecture estim\u00e9e":"2 minutes"},"schema":{"@context":"https:\/\/schema.org","@graph":[{"@type":"WebPage","@id":"https:\/\/www.hdledshine.com\/fr\/quest-ce-que-pixel-pitch\/","url":"https:\/\/www.hdledshine.com\/fr\/quest-ce-que-pixel-pitch\/","name":"Qu'est-ce que pixel pitch ? - HD Ledshine","isPartOf":{"@id":"https:\/\/www.hdledshine.com\/fr\/#website"},"primaryImageOfPage":{"@id":"https:\/\/www.hdledshine.com\/fr\/quest-ce-que-pixel-pitch\/#primaryimage"},"image":{"@id":"https:\/\/www.hdledshine.com\/fr\/quest-ce-que-pixel-pitch\/#primaryimage"},"thumbnailUrl":"https:\/\/www.hdledshine.com\/wp-content\/uploads\/2023\/03\/pixelpitch1-412x175.png","datePublished":"2023-03-22T12:22:52+00:00","dateModified":"2023-04-20T14:08:34+00:00","description":"Vous ne savez pas qu'est-ce que pixel pitch ? Gr\u00e2ce \u00e0 notre explication du pixel pitch, vous n'aurez jamais rien compris aussi vite !","breadcrumb":{"@id":"https:\/\/www.hdledshine.com\/fr\/quest-ce-que-pixel-pitch\/#breadcrumb"},"inLanguage":"fr-FR","potentialAction":[{"@type":"ReadAction","target":["https:\/\/www.hdledshine.com\/fr\/quest-ce-que-pixel-pitch\/"]}]},{"@type":"ImageObject","inLanguage":"fr-FR","@id":"https:\/\/www.hdledshine.com\/fr\/quest-ce-que-pixel-pitch\/#primaryimage","url":"https:\/\/www.hdledshine.com\/wp-content\/uploads\/2023\/03\/pixelpitch1-412x175.png","contentUrl":"https:\/\/www.hdledshine.com\/wp-content\/uploads\/2023\/03\/pixelpitch1-412x175.png"},{"@type":"BreadcrumbList","@id":"https:\/\/www.hdledshine.com\/fr\/quest-ce-que-pixel-pitch\/#breadcrumb","itemListElement":[{"@type":"ListItem","position":1,"name":"Home","item":"https:\/\/www.hdledshine.com\/fr\/"},{"@type":"ListItem","position":2,"name":"Qu&#8217;est-ce que pixel pitch ? Pixel pitch expliqu\u00e9 !"}]},{"@type":"WebSite","@id":"https:\/\/www.hdledshine.com\/fr\/#website","url":"https:\/\/www.hdledshine.com\/fr\/","name":"HD Ledshine","description":"","publisher":{"@id":"https:\/\/www.hdledshine.com\/fr\/#organization"},"potentialAction":[{"@type":"SearchAction","target":{"@type":"EntryPoint","urlTemplate":"https:\/\/www.hdledshine.com\/fr\/?s={search_term_string}"},"query-input":{"@type":"PropertyValueSpecification","valueRequired":true,"valueName":"search_term_string"}}],"inLanguage":"fr-FR"},{"@type":"Organization","@id":"https:\/\/www.hdledshine.com\/fr\/#organization","name":"HD Ledshine","url":"https:\/\/www.hdledshine.com\/fr\/","logo":{"@type":"ImageObject","inLanguage":"fr-FR","@id":"https:\/\/www.hdledshine.com\/fr\/#\/schema\/logo\/image\/","url":"https:\/\/www.hdledshine.com\/wp-content\/uploads\/2022\/02\/logo.png","contentUrl":"https:\/\/www.hdledshine.com\/wp-content\/uploads\/2022\/02\/logo.png","width":327,"height":56,"caption":"HD Ledshine"},"image":{"@id":"https:\/\/www.hdledshine.com\/fr\/#\/schema\/logo\/image\/"},"sameAs":["https:\/\/www.facebook.com\/hdledshine","https:\/\/www.instagram.com\/hd.ledshine\/","https:\/\/www.linkedin.com\/company\/hdledshine\/"]}]}},"_links":{"self":[{"href":"https:\/\/www.hdledshine.com\/fr\/wp-json\/wp\/v2\/pages\/2109","targetHints":{"allow":["GET"]}}],"collection":[{"href":"https:\/\/www.hdledshine.com\/fr\/wp-json\/wp\/v2\/pages"}],"about":[{"href":"https:\/\/www.hdledshine.com\/fr\/wp-json\/wp\/v2\/types\/page"}],"author":[{"embeddable":true,"href":"https:\/\/www.hdledshine.com\/fr\/wp-json\/wp\/v2\/users\/2"}],"replies":[{"embeddable":true,"href":"https:\/\/www.hdledshine.com\/fr\/wp-json\/wp\/v2\/comments?post=2109"}],"version-history":[{"count":8,"href":"https:\/\/www.hdledshine.com\/fr\/wp-json\/wp\/v2\/pages\/2109\/revisions"}],"predecessor-version":[{"id":3021,"href":"https:\/\/www.hdledshine.com\/fr\/wp-json\/wp\/v2\/pages\/2109\/revisions\/3021"}],"wp:attachment":[{"href":"https:\/\/www.hdledshine.com\/fr\/wp-json\/wp\/v2\/media?parent=2109"}],"curies":[{"name":"wp","href":"https:\/\/api.w.org\/{rel}","templated":true}]}}