{"id":2211,"date":"2018-09-19T13:56:11","date_gmt":"2018-09-19T11:56:11","guid":{"rendered":"https:\/\/www.hdledshine.com\/cookie-policy\/"},"modified":"2023-03-27T15:20:27","modified_gmt":"2023-03-27T13:20:27","slug":"cookie-policy","status":"publish","type":"page","link":"https:\/\/www.hdledshine.com\/fr\/cookie-policy\/","title":{"rendered":"Politique en mati\u00e8re de cookies"},"content":{"rendered":"<p>Derni\u00e8re mise \u00e0 jour le 9 juin 2022.<\/p>\n<h2>1.\u00a0 \u00a0 Bienvenue<\/h2>\n<p>Nous sommes Trendex International, connu sous le nom de Trendex International NV, dont le si\u00e8ge social est situ\u00e9 Fabriekstraat 6, 9470 Denderleeuw et dont le num\u00e9ro d&rsquo;entreprise est BE0428 548 869.<\/p>\n<p>Dans la pr\u00e9sente politique en mati\u00e8re de cookies, nous expliquons quelles informations nous collectons via notre site web sur la base de cookies et comment nous les utilisons pour am\u00e9liorer nos services.<\/p>\n<p>En utilisant notre site web, vous acceptez notre utilisation des cookies.<\/p>\n<h2>2.\u00a0\u00a0\u00a0\u00a0 Cookies<\/h2>\n<p>Un \u00ab\u00a0cookie\u00a0\u00bb est un petit fichier de donn\u00e9es qui est temporairement stock\u00e9 sur votre ordinateur ou votre appareil mobile par une page internet lorsque vous visitez un site web. Un cookie permet d&rsquo;identifier l&rsquo;appareil que vous utilisez pour visiter notre site web, sans nous donner acc\u00e8s \u00e0 vos donn\u00e9es personnelles.<\/p>\n<p>Les cookies peuvent \u00eatre facilement supprim\u00e9s via les param\u00e8tres de votre navigateur. Vous pouvez \u00e9galement modifier vos param\u00e8tres de mani\u00e8re \u00e0 ce que les cookies soient toujours rejet\u00e9s. Cela peut entraver l&rsquo;utilisation de notre site web ou rendre l&rsquo;acc\u00e8s \u00e0 certaines fonctions impossible.<\/p>\n<h2>Types de cookies :<\/h2>\n<p><script type=\"text\/javascript\" charset=\"UTF-8\" data-cookiescriptreport=\"report\" src=\"\/\/report.cookie-script.com\/r\/3bbf0c5b991fdb82679c1e2b8a98faa1.js\"><\/script><\/p>\n","protected":false},"excerpt":{"rendered":"<p>Derni\u00e8re mise \u00e0 jour le 9 juin 2022. 1.\u00a0 \u00a0 Bienvenue Nous sommes Trendex International, connu sous le nom de&#8230;<\/p>\n","protected":false},"author":1,"featured_media":0,"parent":0,"menu_order":37,"comment_status":"closed","ping_status":"closed","template":"","meta":{"_acf_changed":false,"inline_featured_image":false,"footnotes":""},"class_list":["post-2211","page","type-page","status-publish","hentry"],"acf":[],"yoast_head":"<!-- This site is optimized with the Yoast SEO plugin v27.0 - https:\/\/yoast.com\/product\/yoast-seo-wordpress\/ -->\n<title>Politique en mati\u00e8re de cookies - HD Ledshine<\/title>\n<meta name=\"robots\" content=\"noindex, nofollow\" \/>\n<meta property=\"og:locale\" content=\"fr_FR\" \/>\n<meta property=\"og:type\" content=\"article\" \/>\n<meta property=\"og:title\" content=\"Politique en mati\u00e8re de cookies - HD Ledshine\" \/>\n<meta property=\"og:description\" content=\"Derni\u00e8re mise \u00e0 jour le 9 juin 2022. 1.\u00a0 \u00a0 Bienvenue Nous sommes Trendex International, connu sous le nom de...\" \/>\n<meta property=\"og:url\" content=\"https:\/\/www.hdledshine.com\/fr\/cookie-policy\/\" \/>\n<meta property=\"og:site_name\" content=\"HD Ledshine\" \/>\n<meta property=\"article:publisher\" content=\"https:\/\/www.facebook.com\/hdledshine\" \/>\n<meta property=\"article:modified_time\" content=\"2023-03-27T13:20:27+00:00\" \/>\n<meta name=\"twitter:card\" content=\"summary_large_image\" \/>\n<meta name=\"twitter:label1\" content=\"Dur\u00e9e de lecture estim\u00e9e\" \/>\n\t<meta name=\"twitter:data1\" content=\"1 minute\" \/>\n<script type=\"application\/ld+json\" class=\"yoast-schema-graph\">{\"@context\":\"https:\/\/schema.org\",\"@graph\":[{\"@type\":\"WebPage\",\"@id\":\"https:\/\/www.hdledshine.com\/fr\/cookie-policy\/\",\"url\":\"https:\/\/www.hdledshine.com\/fr\/cookie-policy\/\",\"name\":\"Politique en mati\u00e8re de cookies - HD Ledshine\",\"isPartOf\":{\"@id\":\"https:\/\/www.hdledshine.com\/fr\/#website\"},\"datePublished\":\"2018-09-19T11:56:11+00:00\",\"dateModified\":\"2023-03-27T13:20:27+00:00\",\"breadcrumb\":{\"@id\":\"https:\/\/www.hdledshine.com\/fr\/cookie-policy\/#breadcrumb\"},\"inLanguage\":\"fr-FR\",\"potentialAction\":[{\"@type\":\"ReadAction\",\"target\":[\"https:\/\/www.hdledshine.com\/fr\/cookie-policy\/\"]}]},{\"@type\":\"BreadcrumbList\",\"@id\":\"https:\/\/www.hdledshine.com\/fr\/cookie-policy\/#breadcrumb\",\"itemListElement\":[{\"@type\":\"ListItem\",\"position\":1,\"name\":\"Home\",\"item\":\"https:\/\/www.hdledshine.com\/fr\/\"},{\"@type\":\"ListItem\",\"position\":2,\"name\":\"Politique en mati\u00e8re de cookies\"}]},{\"@type\":\"WebSite\",\"@id\":\"https:\/\/www.hdledshine.com\/fr\/#website\",\"url\":\"https:\/\/www.hdledshine.com\/fr\/\",\"name\":\"HD Ledshine\",\"description\":\"\",\"publisher\":{\"@id\":\"https:\/\/www.hdledshine.com\/fr\/#organization\"},\"potentialAction\":[{\"@type\":\"SearchAction\",\"target\":{\"@type\":\"EntryPoint\",\"urlTemplate\":\"https:\/\/www.hdledshine.com\/fr\/?s={search_term_string}\"},\"query-input\":{\"@type\":\"PropertyValueSpecification\",\"valueRequired\":true,\"valueName\":\"search_term_string\"}}],\"inLanguage\":\"fr-FR\"},{\"@type\":\"Organization\",\"@id\":\"https:\/\/www.hdledshine.com\/fr\/#organization\",\"name\":\"HD Ledshine\",\"url\":\"https:\/\/www.hdledshine.com\/fr\/\",\"logo\":{\"@type\":\"ImageObject\",\"inLanguage\":\"fr-FR\",\"@id\":\"https:\/\/www.hdledshine.com\/fr\/#\/schema\/logo\/image\/\",\"url\":\"https:\/\/www.hdledshine.com\/wp-content\/uploads\/2022\/02\/logo.png\",\"contentUrl\":\"https:\/\/www.hdledshine.com\/wp-content\/uploads\/2022\/02\/logo.png\",\"width\":327,\"height\":56,\"caption\":\"HD Ledshine\"},\"image\":{\"@id\":\"https:\/\/www.hdledshine.com\/fr\/#\/schema\/logo\/image\/\"},\"sameAs\":[\"https:\/\/www.facebook.com\/hdledshine\",\"https:\/\/www.instagram.com\/hd.ledshine\/\",\"https:\/\/www.linkedin.com\/company\/hdledshine\/\"]}]}<\/script>\n<!-- \/ Yoast SEO plugin. -->","yoast_head_json":{"title":"Politique en mati\u00e8re de cookies - HD Ledshine","robots":{"index":"noindex","follow":"nofollow"},"og_locale":"fr_FR","og_type":"article","og_title":"Politique en mati\u00e8re de cookies - HD Ledshine","og_description":"Derni\u00e8re mise \u00e0 jour le 9 juin 2022. 1.\u00a0 \u00a0 Bienvenue Nous sommes Trendex International, connu sous le nom de...","og_url":"https:\/\/www.hdledshine.com\/fr\/cookie-policy\/","og_site_name":"HD Ledshine","article_publisher":"https:\/\/www.facebook.com\/hdledshine","article_modified_time":"2023-03-27T13:20:27+00:00","twitter_card":"summary_large_image","twitter_misc":{"Dur\u00e9e de lecture estim\u00e9e":"1 minute"},"schema":{"@context":"https:\/\/schema.org","@graph":[{"@type":"WebPage","@id":"https:\/\/www.hdledshine.com\/fr\/cookie-policy\/","url":"https:\/\/www.hdledshine.com\/fr\/cookie-policy\/","name":"Politique en mati\u00e8re de cookies - HD Ledshine","isPartOf":{"@id":"https:\/\/www.hdledshine.com\/fr\/#website"},"datePublished":"2018-09-19T11:56:11+00:00","dateModified":"2023-03-27T13:20:27+00:00","breadcrumb":{"@id":"https:\/\/www.hdledshine.com\/fr\/cookie-policy\/#breadcrumb"},"inLanguage":"fr-FR","potentialAction":[{"@type":"ReadAction","target":["https:\/\/www.hdledshine.com\/fr\/cookie-policy\/"]}]},{"@type":"BreadcrumbList","@id":"https:\/\/www.hdledshine.com\/fr\/cookie-policy\/#breadcrumb","itemListElement":[{"@type":"ListItem","position":1,"name":"Home","item":"https:\/\/www.hdledshine.com\/fr\/"},{"@type":"ListItem","position":2,"name":"Politique en mati\u00e8re de cookies"}]},{"@type":"WebSite","@id":"https:\/\/www.hdledshine.com\/fr\/#website","url":"https:\/\/www.hdledshine.com\/fr\/","name":"HD Ledshine","description":"","publisher":{"@id":"https:\/\/www.hdledshine.com\/fr\/#organization"},"potentialAction":[{"@type":"SearchAction","target":{"@type":"EntryPoint","urlTemplate":"https:\/\/www.hdledshine.com\/fr\/?s={search_term_string}"},"query-input":{"@type":"PropertyValueSpecification","valueRequired":true,"valueName":"search_term_string"}}],"inLanguage":"fr-FR"},{"@type":"Organization","@id":"https:\/\/www.hdledshine.com\/fr\/#organization","name":"HD Ledshine","url":"https:\/\/www.hdledshine.com\/fr\/","logo":{"@type":"ImageObject","inLanguage":"fr-FR","@id":"https:\/\/www.hdledshine.com\/fr\/#\/schema\/logo\/image\/","url":"https:\/\/www.hdledshine.com\/wp-content\/uploads\/2022\/02\/logo.png","contentUrl":"https:\/\/www.hdledshine.com\/wp-content\/uploads\/2022\/02\/logo.png","width":327,"height":56,"caption":"HD Ledshine"},"image":{"@id":"https:\/\/www.hdledshine.com\/fr\/#\/schema\/logo\/image\/"},"sameAs":["https:\/\/www.facebook.com\/hdledshine","https:\/\/www.instagram.com\/hd.ledshine\/","https:\/\/www.linkedin.com\/company\/hdledshine\/"]}]}},"_links":{"self":[{"href":"https:\/\/www.hdledshine.com\/fr\/wp-json\/wp\/v2\/pages\/2211","targetHints":{"allow":["GET"]}}],"collection":[{"href":"https:\/\/www.hdledshine.com\/fr\/wp-json\/wp\/v2\/pages"}],"about":[{"href":"https:\/\/www.hdledshine.com\/fr\/wp-json\/wp\/v2\/types\/page"}],"author":[{"embeddable":true,"href":"https:\/\/www.hdledshine.com\/fr\/wp-json\/wp\/v2\/users\/1"}],"replies":[{"embeddable":true,"href":"https:\/\/www.hdledshine.com\/fr\/wp-json\/wp\/v2\/comments?post=2211"}],"version-history":[{"count":2,"href":"https:\/\/www.hdledshine.com\/fr\/wp-json\/wp\/v2\/pages\/2211\/revisions"}],"predecessor-version":[{"id":2215,"href":"https:\/\/www.hdledshine.com\/fr\/wp-json\/wp\/v2\/pages\/2211\/revisions\/2215"}],"wp:attachment":[{"href":"https:\/\/www.hdledshine.com\/fr\/wp-json\/wp\/v2\/media?parent=2211"}],"curies":[{"name":"wp","href":"https:\/\/api.w.org\/{rel}","templated":true}]}}